{"id":595,"date":"2025-09-25T16:32:13","date_gmt":"2025-09-25T16:32:13","guid":{"rendered":"https:\/\/puntocargoenvios.com\/brasil\/?page_id=595"},"modified":"2025-09-29T20:46:16","modified_gmt":"2025-09-29T20:46:16","slug":"rastreo","status":"publish","type":"page","link":"https:\/\/puntocargoenvios.com\/brasil\/rastreo\/","title":{"rendered":"Rastreo"},"content":{"rendered":"\t\t<div data-elementor-type=\"wp-page\" data-elementor-id=\"595\" class=\"elementor elementor-595\" data-elementor-post-type=\"page\">\n\t\t\t\t<div class=\"elementor-element elementor-element-d640b9f bg-none e-flex e-con-boxed e-con e-parent\" data-id=\"d640b9f\" data-element_type=\"container\" data-settings=\"{&quot;background_background&quot;:&quot;classic&quot;}\">\n\t\t\t\t\t<div class=\"e-con-inner\">\n\t\t<div class=\"elementor-element elementor-element-42b4498 e-con-full e-flex e-con e-child\" data-id=\"42b4498\" data-element_type=\"container\">\n\t\t\t\t<div class=\"elementor-element elementor-element-3ad2e4e elementor-tablet-align-center elementor-icon-list--layout-traditional elementor-list-item-link-full_width elementor-widget elementor-widget-icon-list\" data-id=\"3ad2e4e\" data-element_type=\"widget\" data-widget_type=\"icon-list.default\">\n\t\t\t\t\t\t\t<ul class=\"elementor-icon-list-items\">\n\t\t\t\t\t\t\t<li class=\"elementor-icon-list-item\">\n\t\t\t\t\t\t\t\t\t\t\t<span class=\"elementor-icon-list-icon\">\n\t\t\t\t\t\t\t<svg aria-hidden=\"true\" class=\"e-font-icon-svg e-fas-star-of-life\" viewBox=\"0 0 480 512\" xmlns=\"http:\/\/www.w3.org\/2000\/svg\"><path d=\"M471.99 334.43L336.06 256l135.93-78.43c7.66-4.42 10.28-14.2 5.86-21.86l-32.02-55.43c-4.42-7.65-14.21-10.28-21.87-5.86l-135.93 78.43V16c0-8.84-7.17-16-16.01-16h-64.04c-8.84 0-16.01 7.16-16.01 16v156.86L56.04 94.43c-7.66-4.42-17.45-1.79-21.87 5.86L2.15 155.71c-4.42 7.65-1.8 17.44 5.86 21.86L143.94 256 8.01 334.43c-7.66 4.42-10.28 14.21-5.86 21.86l32.02 55.43c4.42 7.65 14.21 10.27 21.87 5.86l135.93-78.43V496c0 8.84 7.17 16 16.01 16h64.04c8.84 0 16.01-7.16 16.01-16V339.14l135.93 78.43c7.66 4.42 17.45 1.8 21.87-5.86l32.02-55.43c4.42-7.65 1.8-17.43-5.86-21.85z\"><\/path><\/svg>\t\t\t\t\t\t<\/span>\n\t\t\t\t\t\t\t\t\t\t<span class=\"elementor-icon-list-text\">Rastreo<\/span>\n\t\t\t\t\t\t\t\t\t<\/li>\n\t\t\t\t\t\t<\/ul>\n\t\t\t\t\t\t<\/div>\n\t\t\t\t<div class=\"elementor-element elementor-element-c4c004a no-br elementor-widget elementor-widget-heading\" data-id=\"c4c004a\" data-element_type=\"widget\" data-widget_type=\"heading.default\">\n\t\t\t\t\t<h1 class=\"elementor-heading-title elementor-size-default\">Sigue cada paso  <br> \n<span class=\"colorRed\">de tu env\u00edo<\/span><\/h1>\t\t\t\t<\/div>\n\t\t<div class=\"elementor-element elementor-element-f54932c e-con-full e-flex e-con e-child\" data-id=\"f54932c\" data-element_type=\"container\">\n\t\t\t\t<div class=\"elementor-element elementor-element-e4f95e1 elementor-widget-mobile__width-initial elementor-widget elementor-widget-shortcode\" data-id=\"e4f95e1\" data-element_type=\"widget\" data-widget_type=\"shortcode.default\">\n\t\t\t\t\t\t\t<div class=\"elementor-shortcode\">    <form id=\"tracking-form\" class=\"tracking-form\">\n        <div class=\"input-group\">\n            <input type=\"text\" id=\"tracking_number\" name=\"tracking_number\" \n                   placeholder=\"Ingresa tu n\u00famero de gu\u00eda\" required\n                   pattern=\"[A-Za-z0-9]+\" title=\"Solo letras y n\u00fameros\">\n            <button type=\"submit\" class=\"tracking-button\">\n                <span class=\"button-text\">Rastrear env\u00edo<\/span>\n                <span class=\"button-icon\">\u2192<\/span>\n            <\/button>\n        <\/div>\n\n    <\/form>\n    \n    <div id=\"trackingModal\" class=\"modal\">\n        <div class=\"modal-content\">\n            <span class=\"close\">&times;<\/span>\n            <div id=\"tracking-result\" class=\"modal-body\"><\/div>\n        <\/div>\n    <\/div>\n\n\n\n    <script type=\"text\/javascript\">\n        jQuery(document).ready(function($) {\n            $('#tracking-form').submit(function(event) {\n                event.preventDefault();\n                var trackingNumber = $('#tracking_number').val().trim();\n                \n                if(!trackingNumber) {\n                    showError('Por favor ingresa un n\u00famero de gu\u00eda v\u00e1lido.');\n                    return;\n                }\n                \n                showLoading();\n                \n                $.ajax({\n                    url: 'https:\/\/puntocargoenvios.com\/brasil\/wp-admin\/admin-ajax.php',\n                    method: 'POST',\n                    data: {\n                        action: 'get_tracking_info',\n                        tracking_number: trackingNumber,\n                        security: 'd99263f871'\n                    },\n                    success: function(response) {\n                        $('#tracking-result').html(response);\n                    },\n                    error: function(xhr, status, error) {\n                        showError('Hubo un error al obtener la informaci\u00f3n. Por favor intenta nuevamente.');\n                        console.error('Tracking error:', error);\n                    }\n                });\n            });\n            \n            function showLoading() {\n                $('#tracking-result').html(`\n                    <div class=\"loading-container\">\n                        <div class=\"loading-spinner\"><\/div>\n                        <p>Buscando informaci\u00f3n de tu env\u00edo...<\/p>\n                    <\/div>\n                `);\n                $('#trackingModal').show();\n            }\n            \n            function showError(message) {\n                $('#tracking-result').html(`<p class=\"errorGuia\">${message}<\/p>`);\n                $('#trackingModal').show();\n            }\n            \n            $('.close, #trackingModal').click(function(e) {\n                if ($(e.target).is('.close') || $(e.target).is('#trackingModal')) {\n                    $('#trackingModal').hide();\n                }\n            });\n        });\n    <\/script>\n    \n<\/div>\n\t\t\t\t\t\t<\/div>\n\t\t\t\t<\/div>\n\t\t<div class=\"elementor-element elementor-element-4194c31 e-con-full elementor-hidden-desktop elementor-hidden-laptop elementor-hidden-tablet_extra e-flex e-con e-child\" data-id=\"4194c31\" data-element_type=\"container\">\n\t\t\t\t<div class=\"elementor-element elementor-element-b56041c elementor-widget elementor-widget-image\" data-id=\"b56041c\" data-element_type=\"widget\" data-widget_type=\"image.default\">\n\t\t\t\t\t\t\t\t\t\t\t\t\t\t\t<img fetchpriority=\"high\" decoding=\"async\" width=\"774\" height=\"974\" src=\"https:\/\/puntocargoenvios.com\/brasil\/wp-content\/uploads\/2025\/09\/bg-rastreo-punto-cargo-mb.webp\" class=\"attachment-full size-full wp-image-598\" alt=\"\" srcset=\"https:\/\/puntocargoenvios.com\/brasil\/wp-content\/uploads\/2025\/09\/bg-rastreo-punto-cargo-mb.webp 774w, https:\/\/puntocargoenvios.com\/brasil\/wp-content\/uploads\/2025\/09\/bg-rastreo-punto-cargo-mb-238x300.webp 238w, https:\/\/puntocargoenvios.com\/brasil\/wp-content\/uploads\/2025\/09\/bg-rastreo-punto-cargo-mb-768x966.webp 768w\" sizes=\"(max-width: 774px) 100vw, 774px\" \/>\t\t\t\t\t\t\t\t\t\t\t\t\t\t\t<\/div>\n\t\t\t\t<\/div>\n\t\t\t\t<\/div>\n\t\t\t\t\t<\/div>\n\t\t\t\t<\/div>\n\t\t<div class=\"elementor-element elementor-element-68bf2ae e-con-full e-flex e-con e-parent\" data-id=\"68bf2ae\" data-element_type=\"container\">\n\t\t\t\t<div class=\"elementor-element elementor-element-3edd766 elementor-widget elementor-widget-template\" data-id=\"3edd766\" data-element_type=\"widget\" data-widget_type=\"template.default\">\n\t\t\t\t<div class=\"elementor-widget-container\">\n\t\t\t\t\t\t\t<div class=\"elementor-template\">\n\t\t\t\t\t<div data-elementor-type=\"container\" data-elementor-id=\"465\" class=\"elementor elementor-465\" data-elementor-post-type=\"elementor_library\">\n\t\t\t\t<div class=\"elementor-element elementor-element-13b9da13 e-flex e-con-boxed e-con e-parent\" data-id=\"13b9da13\" data-element_type=\"container\" data-settings=\"{&quot;background_background&quot;:&quot;classic&quot;}\">\n\t\t\t\t\t<div class=\"e-con-inner\">\n\t\t<div class=\"elementor-element elementor-element-1f0531fd e-con-full e-flex e-con e-child\" data-id=\"1f0531fd\" data-element_type=\"container\">\n\t\t<div class=\"elementor-element elementor-element-665474ca e-con-full e-flex e-con e-child\" data-id=\"665474ca\" data-element_type=\"container\">\n\t\t\t\t<div class=\"elementor-element elementor-element-1af942d0 elementor-widget elementor-widget-theme-site-logo elementor-widget-image\" data-id=\"1af942d0\" data-element_type=\"widget\" data-widget_type=\"theme-site-logo.default\">\n\t\t\t\t\t\t\t\t\t\t\t<a href=\"https:\/\/puntocargoenvios.com\/brasil\">\n\t\t\t<img decoding=\"async\" width=\"2280\" height=\"1039\" src=\"https:\/\/puntocargoenvios.com\/brasil\/wp-content\/uploads\/2025\/09\/BLANCO_1.png\" class=\"attachment-full size-full wp-image-32\" alt=\"\" srcset=\"https:\/\/puntocargoenvios.com\/brasil\/wp-content\/uploads\/2025\/09\/BLANCO_1.png 2280w, https:\/\/puntocargoenvios.com\/brasil\/wp-content\/uploads\/2025\/09\/BLANCO_1-300x137.png 300w, https:\/\/puntocargoenvios.com\/brasil\/wp-content\/uploads\/2025\/09\/BLANCO_1-1024x467.png 1024w, https:\/\/puntocargoenvios.com\/brasil\/wp-content\/uploads\/2025\/09\/BLANCO_1-768x350.png 768w, https:\/\/puntocargoenvios.com\/brasil\/wp-content\/uploads\/2025\/09\/BLANCO_1-1536x700.png 1536w, https:\/\/puntocargoenvios.com\/brasil\/wp-content\/uploads\/2025\/09\/BLANCO_1-2048x933.png 2048w\" sizes=\"(max-width: 2280px) 100vw, 2280px\" \/>\t\t\t\t<\/a>\n\t\t\t\t\t\t\t\t\t\t\t<\/div>\n\t\t\t\t<\/div>\n\t\t<div class=\"elementor-element elementor-element-531fef72 e-con-full e-flex e-con e-child\" data-id=\"531fef72\" data-element_type=\"container\">\n\t\t\t\t<div class=\"elementor-element elementor-element-711b00a9 elementor-widget elementor-widget-heading\" data-id=\"711b00a9\" data-element_type=\"widget\" data-widget_type=\"heading.default\">\n\t\t\t\t\t<h3 class=\"elementor-heading-title elementor-size-default\">Navegaci\u00f3n<\/h3>\t\t\t\t<\/div>\n\t\t\t\t<div class=\"elementor-element elementor-element-57faeaf9 elementor-nav-menu--dropdown-none elementor-widget elementor-widget-nav-menu\" data-id=\"57faeaf9\" data-element_type=\"widget\" data-settings=\"{&quot;layout&quot;:&quot;vertical&quot;,&quot;submenu_icon&quot;:{&quot;value&quot;:&quot;&lt;svg class=\\&quot;e-font-icon-svg e-fas-caret-down\\&quot; viewBox=\\&quot;0 0 320 512\\&quot; xmlns=\\&quot;http:\\\/\\\/www.w3.org\\\/2000\\\/svg\\&quot;&gt;&lt;path d=\\&quot;M31.3 192h257.3c17.8 0 26.7 21.5 14.1 34.1L174.1 354.8c-7.8 7.8-20.5 7.8-28.3 0L17.2 226.1C4.6 213.5 13.5 192 31.3 192z\\&quot;&gt;&lt;\\\/path&gt;&lt;\\\/svg&gt;&quot;,&quot;library&quot;:&quot;fa-solid&quot;}}\" data-widget_type=\"nav-menu.default\">\n\t\t\t\t\t\t\t\t<nav aria-label=\"Menu\" class=\"elementor-nav-menu--main elementor-nav-menu__container elementor-nav-menu--layout-vertical e--pointer-text e--animation-none\">\n\t\t\t\t<ul id=\"menu-1-57faeaf9\" class=\"elementor-nav-menu sm-vertical\"><li class=\"menu-item menu-item-type-post_type menu-item-object-page menu-item-home menu-item-775\"><a href=\"https:\/\/puntocargoenvios.com\/brasil\/\" class=\"elementor-item\">Home<\/a><\/li>\n<li class=\"menu-item menu-item-type-custom menu-item-object-custom menu-item-784\"><a href=\"#ubicacion\" class=\"elementor-item elementor-item-anchor\">Ubicaci\u00f3n<\/a><\/li>\n<li class=\"menu-item menu-item-type-custom menu-item-object-custom menu-item-791\"><a href=\"https:\/\/puntocargoenvios.com\/\" class=\"elementor-item\">USA &#8211; Venezuela<\/a><\/li>\n<\/ul>\t\t\t<\/nav>\n\t\t\t\t\t\t<nav class=\"elementor-nav-menu--dropdown elementor-nav-menu__container\" aria-hidden=\"true\">\n\t\t\t\t<ul id=\"menu-2-57faeaf9\" class=\"elementor-nav-menu sm-vertical\"><li class=\"menu-item menu-item-type-post_type menu-item-object-page menu-item-home menu-item-775\"><a href=\"https:\/\/puntocargoenvios.com\/brasil\/\" class=\"elementor-item\" tabindex=\"-1\">Home<\/a><\/li>\n<li class=\"menu-item menu-item-type-custom menu-item-object-custom menu-item-784\"><a href=\"#ubicacion\" class=\"elementor-item elementor-item-anchor\" tabindex=\"-1\">Ubicaci\u00f3n<\/a><\/li>\n<li class=\"menu-item menu-item-type-custom menu-item-object-custom menu-item-791\"><a href=\"https:\/\/puntocargoenvios.com\/\" class=\"elementor-item\" tabindex=\"-1\">USA &#8211; Venezuela<\/a><\/li>\n<\/ul>\t\t\t<\/nav>\n\t\t\t\t\t\t<\/div>\n\t\t\t\t<\/div>\n\t\t<div class=\"elementor-element elementor-element-6fdc3946 e-con-full e-flex e-con e-child\" data-id=\"6fdc3946\" data-element_type=\"container\">\n\t\t\t\t<div class=\"elementor-element elementor-element-57cd2df3 elementor-widget elementor-widget-heading\" data-id=\"57cd2df3\" data-element_type=\"widget\" data-widget_type=\"heading.default\">\n\t\t\t\t\t<h3 class=\"elementor-heading-title elementor-size-default\">Otros links<\/h3>\t\t\t\t<\/div>\n\t\t\t\t<div class=\"elementor-element elementor-element-1e09b6fa elementor-nav-menu--dropdown-none elementor-widget elementor-widget-nav-menu\" data-id=\"1e09b6fa\" data-element_type=\"widget\" data-settings=\"{&quot;layout&quot;:&quot;vertical&quot;,&quot;submenu_icon&quot;:{&quot;value&quot;:&quot;&lt;svg class=\\&quot;e-font-icon-svg e-fas-caret-down\\&quot; viewBox=\\&quot;0 0 320 512\\&quot; xmlns=\\&quot;http:\\\/\\\/www.w3.org\\\/2000\\\/svg\\&quot;&gt;&lt;path d=\\&quot;M31.3 192h257.3c17.8 0 26.7 21.5 14.1 34.1L174.1 354.8c-7.8 7.8-20.5 7.8-28.3 0L17.2 226.1C4.6 213.5 13.5 192 31.3 192z\\&quot;&gt;&lt;\\\/path&gt;&lt;\\\/svg&gt;&quot;,&quot;library&quot;:&quot;fa-solid&quot;}}\" data-widget_type=\"nav-menu.default\">\n\t\t\t\t\t\t\t\t<nav aria-label=\"Menu\" class=\"elementor-nav-menu--main elementor-nav-menu__container elementor-nav-menu--layout-vertical e--pointer-text e--animation-none\">\n\t\t\t\t<ul id=\"menu-1-1e09b6fa\" class=\"elementor-nav-menu sm-vertical\"><li class=\"menu-item menu-item-type-post_type menu-item-object-page menu-item-772\"><a href=\"https:\/\/puntocargoenvios.com\/brasil\/rastreo\/\" class=\"elementor-item\">Rastreo<\/a><\/li>\n<li class=\"menu-item menu-item-type-custom menu-item-object-custom menu-item-839\"><a href=\"https:\/\/wa.link\/ws6he2\" class=\"elementor-item\">Contacto<\/a><\/li>\n<li class=\"menu-item menu-item-type-custom menu-item-object-custom menu-item-840\"><a href=\"#testimonios\" class=\"elementor-item elementor-item-anchor\">Testimonios<\/a><\/li>\n<\/ul>\t\t\t<\/nav>\n\t\t\t\t\t\t<nav class=\"elementor-nav-menu--dropdown elementor-nav-menu__container\" aria-hidden=\"true\">\n\t\t\t\t<ul id=\"menu-2-1e09b6fa\" class=\"elementor-nav-menu sm-vertical\"><li class=\"menu-item menu-item-type-post_type menu-item-object-page menu-item-772\"><a href=\"https:\/\/puntocargoenvios.com\/brasil\/rastreo\/\" class=\"elementor-item\" tabindex=\"-1\">Rastreo<\/a><\/li>\n<li class=\"menu-item menu-item-type-custom menu-item-object-custom menu-item-839\"><a href=\"https:\/\/wa.link\/ws6he2\" class=\"elementor-item\" tabindex=\"-1\">Contacto<\/a><\/li>\n<li class=\"menu-item menu-item-type-custom menu-item-object-custom menu-item-840\"><a href=\"#testimonios\" class=\"elementor-item elementor-item-anchor\" tabindex=\"-1\">Testimonios<\/a><\/li>\n<\/ul>\t\t\t<\/nav>\n\t\t\t\t\t\t<\/div>\n\t\t\t\t<\/div>\n\t\t<div class=\"elementor-element elementor-element-27dbbf27 e-con-full e-flex e-con e-child\" data-id=\"27dbbf27\" data-element_type=\"container\">\n\t\t\t\t<div class=\"elementor-element elementor-element-608085e3 elementor-widget elementor-widget-heading\" data-id=\"608085e3\" data-element_type=\"widget\" data-widget_type=\"heading.default\">\n\t\t\t\t\t<h3 class=\"elementor-heading-title elementor-size-default\">Encu\u00e9ntranos en<\/h3>\t\t\t\t<\/div>\n\t\t\t\t<div class=\"elementor-element elementor-element-7f21455e elementor-shape-circle e-grid-align-left elementor-grid-0 elementor-widget elementor-widget-social-icons\" data-id=\"7f21455e\" data-element_type=\"widget\" data-widget_type=\"social-icons.default\">\n\t\t\t\t\t\t\t<div class=\"elementor-social-icons-wrapper elementor-grid\" role=\"list\">\n\t\t\t\t\t\t\t<span class=\"elementor-grid-item\" role=\"listitem\">\n\t\t\t\t\t<a class=\"elementor-icon elementor-social-icon elementor-social-icon-facebook elementor-repeater-item-75a8865\" href=\"https:\/\/www.facebook.com\/p\/PUNTO-CARGO-61579226400592\/\" target=\"_blank\">\n\t\t\t\t\t\t<span class=\"elementor-screen-only\">Facebook<\/span>\n\t\t\t\t\t\t<svg aria-hidden=\"true\" class=\"e-font-icon-svg e-fab-facebook\" viewBox=\"0 0 512 512\" xmlns=\"http:\/\/www.w3.org\/2000\/svg\"><path d=\"M504 256C504 119 393 8 256 8S8 119 8 256c0 123.78 90.69 226.38 209.25 245V327.69h-63V256h63v-54.64c0-62.15 37-96.48 93.67-96.48 27.14 0 55.52 4.84 55.52 4.84v61h-31.28c-30.8 0-40.41 19.12-40.41 38.73V256h68.78l-11 71.69h-57.78V501C413.31 482.38 504 379.78 504 256z\"><\/path><\/svg>\t\t\t\t\t<\/a>\n\t\t\t\t<\/span>\n\t\t\t\t\t\t\t<span class=\"elementor-grid-item\" role=\"listitem\">\n\t\t\t\t\t<a class=\"elementor-icon elementor-social-icon elementor-social-icon-instagram elementor-repeater-item-9d716d4\" href=\"https:\/\/www.instagram.com\/puntocargoenvios\/\" target=\"_blank\">\n\t\t\t\t\t\t<span class=\"elementor-screen-only\">Instagram<\/span>\n\t\t\t\t\t\t<svg aria-hidden=\"true\" class=\"e-font-icon-svg e-fab-instagram\" viewBox=\"0 0 448 512\" xmlns=\"http:\/\/www.w3.org\/2000\/svg\"><path d=\"M224.1 141c-63.6 0-114.9 51.3-114.9 114.9s51.3 114.9 114.9 114.9S339 319.5 339 255.9 287.7 141 224.1 141zm0 189.6c-41.1 0-74.7-33.5-74.7-74.7s33.5-74.7 74.7-74.7 74.7 33.5 74.7 74.7-33.6 74.7-74.7 74.7zm146.4-194.3c0 14.9-12 26.8-26.8 26.8-14.9 0-26.8-12-26.8-26.8s12-26.8 26.8-26.8 26.8 12 26.8 26.8zm76.1 27.2c-1.7-35.9-9.9-67.7-36.2-93.9-26.2-26.2-58-34.4-93.9-36.2-37-2.1-147.9-2.1-184.9 0-35.8 1.7-67.6 9.9-93.9 36.1s-34.4 58-36.2 93.9c-2.1 37-2.1 147.9 0 184.9 1.7 35.9 9.9 67.7 36.2 93.9s58 34.4 93.9 36.2c37 2.1 147.9 2.1 184.9 0 35.9-1.7 67.7-9.9 93.9-36.2 26.2-26.2 34.4-58 36.2-93.9 2.1-37 2.1-147.8 0-184.8zM398.8 388c-7.8 19.6-22.9 34.7-42.6 42.6-29.5 11.7-99.5 9-132.1 9s-102.7 2.6-132.1-9c-19.6-7.8-34.7-22.9-42.6-42.6-11.7-29.5-9-99.5-9-132.1s-2.6-102.7 9-132.1c7.8-19.6 22.9-34.7 42.6-42.6 29.5-11.7 99.5-9 132.1-9s102.7-2.6 132.1 9c19.6 7.8 34.7 22.9 42.6 42.6 11.7 29.5 9 99.5 9 132.1s2.7 102.7-9 132.1z\"><\/path><\/svg>\t\t\t\t\t<\/a>\n\t\t\t\t<\/span>\n\t\t\t\t\t<\/div>\n\t\t\t\t\t\t<\/div>\n\t\t\t\t<div class=\"elementor-element elementor-element-7d7674d1 elementor-mobile-align-left elementor-widget elementor-widget-button\" data-id=\"7d7674d1\" data-element_type=\"widget\" data-widget_type=\"button.default\">\n\t\t\t\t\t\t\t\t\t\t<a class=\"elementor-button elementor-button-link elementor-size-sm elementor-animation-float\" href=\"https:\/\/puntocargo.multitrack.trackingpremium.us\/login\">\n\t\t\t\t\t\t<span class=\"elementor-button-content-wrapper\">\n\t\t\t\t\t\t<span class=\"elementor-button-icon\">\n\t\t\t\t<svg aria-hidden=\"true\" class=\"e-font-icon-svg e-fas-arrow-circle-right\" viewBox=\"0 0 512 512\" xmlns=\"http:\/\/www.w3.org\/2000\/svg\"><path d=\"M256 8c137 0 248 111 248 248S393 504 256 504 8 393 8 256 119 8 256 8zm-28.9 143.6l75.5 72.4H120c-13.3 0-24 10.7-24 24v16c0 13.3 10.7 24 24 24h182.6l-75.5 72.4c-9.7 9.3-9.9 24.8-.4 34.3l11 10.9c9.4 9.4 24.6 9.4 33.9 0L404.3 273c9.4-9.4 9.4-24.6 0-33.9L271.6 106.3c-9.4-9.4-24.6-9.4-33.9 0l-11 10.9c-9.5 9.6-9.3 25.1.4 34.4z\"><\/path><\/svg>\t\t\t<\/span>\n\t\t\t\t\t\t\t\t\t<span class=\"elementor-button-text\">Crear casillero<\/span>\n\t\t\t\t\t<\/span>\n\t\t\t\t\t<\/a>\n\t\t\t\t\t\t\t\t<\/div>\n\t\t\t\t<\/div>\n\t\t\t\t<\/div>\n\t\t<div class=\"elementor-element elementor-element-5756ed02 e-con-full e-flex e-con e-child\" data-id=\"5756ed02\" data-element_type=\"container\">\n\t\t\t\t<div class=\"elementor-element elementor-element-62982c9b elementor-widget elementor-widget-text-editor\" data-id=\"62982c9b\" data-element_type=\"widget\" data-widget_type=\"text-editor.default\">\n\t\t\t\t\t\t\t\t\t<p>\u00a9 2024 Punto Cargo Env\u00edos, Todos los derechos reservados.<\/p>\t\t\t\t\t\t\t\t<\/div>\n\t\t\t\t<\/div>\n\t\t\t\t\t<\/div>\n\t\t\t\t<\/div>\n\t\t\t\t<\/div>\n\t\t\t\t<\/div>\n\t\t\t\t\t\t<\/div>\n\t\t\t\t<\/div>\n\t\t\t\t<\/div>\n\t\t\t\t<\/div>\n\t\t","protected":false},"excerpt":{"rendered":"<p>Rastreo Sigue cada paso de tu env\u00edo<\/p>\n","protected":false},"author":2,"featured_media":0,"parent":0,"menu_order":0,"comment_status":"closed","ping_status":"closed","template":"","meta":{"footnotes":""},"class_list":["post-595","page","type-page","status-publish","hentry"],"_hostinger_reach_plugin_has_subscription_block":false,"_hostinger_reach_plugin_is_elementor":false,"_links":{"self":[{"href":"https:\/\/puntocargoenvios.com\/brasil\/wp-json\/wp\/v2\/pages\/595","targetHints":{"allow":["GET"]}}],"collection":[{"href":"https:\/\/puntocargoenvios.com\/brasil\/wp-json\/wp\/v2\/pages"}],"about":[{"href":"https:\/\/puntocargoenvios.com\/brasil\/wp-json\/wp\/v2\/types\/page"}],"author":[{"embeddable":true,"href":"https:\/\/puntocargoenvios.com\/brasil\/wp-json\/wp\/v2\/users\/2"}],"replies":[{"embeddable":true,"href":"https:\/\/puntocargoenvios.com\/brasil\/wp-json\/wp\/v2\/comments?post=595"}],"version-history":[{"count":23,"href":"https:\/\/puntocargoenvios.com\/brasil\/wp-json\/wp\/v2\/pages\/595\/revisions"}],"predecessor-version":[{"id":702,"href":"https:\/\/puntocargoenvios.com\/brasil\/wp-json\/wp\/v2\/pages\/595\/revisions\/702"}],"wp:attachment":[{"href":"https:\/\/puntocargoenvios.com\/brasil\/wp-json\/wp\/v2\/media?parent=595"}],"curies":[{"name":"wp","href":"https:\/\/api.w.org\/{rel}","templated":true}]}}